{"id":593,"date":"2023-12-07T14:27:13","date_gmt":"2023-12-07T14:27:13","guid":{"rendered":"https:\/\/izrom.co\/?page_id=593"},"modified":"2024-03-06T16:40:46","modified_gmt":"2024-03-06T16:40:46","slug":"legal-notice","status":"publish","type":"page","link":"https:\/\/izrom.co\/fr\/legal-notice\/","title":{"rendered":"LEGAL NOTICE"},"content":{"rendered":"<div data-elementor-type=\"wp-page\" data-elementor-id=\"593\" class=\"elementor elementor-593\" data-elementor-post-type=\"page\">\n\t\t\t\t<div class=\"elementor-element elementor-element-f3acf75 e-flex e-con-boxed e-con e-parent\" data-id=\"f3acf75\" data-element_type=\"container\" data-e-type=\"container\">\n\t\t\t\t\t<div class=\"e-con-inner\">\n\t\t\t\t<div class=\"elementor-element elementor-element-4b5fa10 elementor-widget elementor-widget-text-editor\" data-id=\"4b5fa10\" data-element_type=\"widget\" data-e-type=\"widget\" data-widget_type=\"text-editor.default\">\n\t\t\t\t<div class=\"elementor-widget-container\">\n\t\t\t\t\t\t\t\t\t<h1><strong><span class=\"s3\">MENTIONS LEGALES<\/span><\/strong><\/h1>\n<p class=\"s4\">\n<\/p><p class=\"s8\"><span class=\"s5\">Le site https:\/\/izrom.co\/ est \u00e9dit\u00e9 par la soci\u00e9t\u00e9 IZROM, soci\u00e9t\u00e9 par actions simplifi\u00e9e au capital de 1 000 \u20ac, ayant son si\u00e8ge social situ\u00e9 13, boulevard du Montparnasse, immatricul\u00e9e au registre du commerce et des soci\u00e9t\u00e9s de Paris sous le num\u00e9ro 980 018 675,<\/span><\/p>\n<p>La soci\u00e9t\u00e9 IZROM est assujettie \u00e0 la TVA, dont le num\u00e9ro individuel est le n\u00b0 FR05980018675.<\/p>\n<p>La soci\u00e9t\u00e9 IZROM est joignable par mail \u00e0 l\u2019adresse suivante : david(at)izrom(dot)co.<\/p>\n<p>Le directeur de publication est Monsieur David Odier.<\/p>\n<p>Le Site est h\u00e9berg\u00e9 par la soci\u00e9t\u00e9 GoDaddy, dont le si\u00e8ge social est situ\u00e9 14455 N. Hayden Rd, Ste. 219, Scottsdale, AZ 85260 USA.<\/p>\n<p>Le Site a \u00e9t\u00e9 r\u00e9alis\u00e9 graphiquement et techniquement par <a href=\"https:\/\/launchmappers.com\" target=\"_blank\" rel=\"noopener\">Launch Mappers Ltd<\/a>.<\/p>\t\t\t\t\t\t\t\t<\/div>\n\t\t\t\t<\/div>\n\t\t\t\t\t<\/div>\n\t\t\t\t<\/div>\n\t\t\t\t<\/div>","protected":false},"excerpt":{"rendered":"<p>MENTIONS LEGALES Le site https:\/\/izrom.co\/ est \u00e9dit\u00e9 par la soci\u00e9t\u00e9 IZROM, soci\u00e9t\u00e9 par actions simplifi\u00e9e au capital de 1 000 \u20ac, ayant son si\u00e8ge social situ\u00e9 13, boulevard du Montparnasse, immatricul\u00e9e au registre du commerce et des soci\u00e9t\u00e9s de Paris sous le num\u00e9ro 980 018 675, La soci\u00e9t\u00e9 IZROM est assujettie \u00e0 la TVA, dont [&hellip;]<\/p>\n","protected":false},"author":2,"featured_media":0,"parent":0,"menu_order":0,"comment_status":"closed","ping_status":"closed","template":"","meta":{"_acf_changed":false,"footnotes":""},"class_list":["post-593","page","type-page","status-publish","hentry"],"acf":[],"_links":{"self":[{"href":"https:\/\/izrom.co\/fr\/wp-json\/wp\/v2\/pages\/593"}],"collection":[{"href":"https:\/\/izrom.co\/fr\/wp-json\/wp\/v2\/pages"}],"about":[{"href":"https:\/\/izrom.co\/fr\/wp-json\/wp\/v2\/types\/page"}],"author":[{"embeddable":true,"href":"https:\/\/izrom.co\/fr\/wp-json\/wp\/v2\/users\/2"}],"replies":[{"embeddable":true,"href":"https:\/\/izrom.co\/fr\/wp-json\/wp\/v2\/comments?post=593"}],"version-history":[{"count":0,"href":"https:\/\/izrom.co\/fr\/wp-json\/wp\/v2\/pages\/593\/revisions"}],"wp:attachment":[{"href":"https:\/\/izrom.co\/fr\/wp-json\/wp\/v2\/media?parent=593"}],"curies":[{"name":"wp","href":"https:\/\/api.w.org\/{rel}","templated":true}]}}